{"id":461,"date":"2021-07-27T15:13:43","date_gmt":"2021-07-27T13:13:43","guid":{"rendered":"https:\/\/alecka.se\/faq\/"},"modified":"2021-07-28T15:28:25","modified_gmt":"2021-07-28T13:28:25","slug":"faq","status":"publish","type":"page","link":"https:\/\/alecka.se\/sv\/faq\/","title":{"rendered":"FAQ"},"content":{"rendered":"\n\n  <div class=\"banner has-hover\" id=\"banner-1118313919\">\n          <div class=\"banner-inner fill\">\n        <div class=\"banner-bg fill\" >\n            <img loading=\"lazy\" decoding=\"async\" width=\"1020\" height=\"531\" src=\"https:\/\/alecka.se\/wp-content\/uploads\/2021\/04\/Alecka-FAQ-1024x533.jpg\" class=\"bg attachment-large size-large\" alt=\"\" \/>                                    \n                    <\/div>\n\t\t\n        <div class=\"banner-layers container\">\n            <div class=\"fill banner-link\"><\/div>            \n\n   <div id=\"text-box-751579531\" class=\"text-box banner-layer x50 md-x50 lg-x50 y85 md-y85 lg-y85 res-text\">\n                                <div class=\"text-box-content text dark\">\n              \n              <div class=\"text-inner text-center\">\n                  \n\n\t<div id=\"text-4090933469\" class=\"text\">\n\t\t\n\n<h1 class=\"uppercase\">FAQ<\/h1>\n<p><span style=\"font-size: 130%\">Det finns mycket mer att s\u00e4ga om oss och vi kommer g\u00e4rna diskutera i detalj alla aspekter av v\u00e5r aktivitet<\/span><\/p>\n\t\t\n<style>\n#text-4090933469 {\n  color: rgb(0,0,0);\n}\n#text-4090933469 > * {\n  color: rgb(0,0,0);\n}\n<\/style>\n\t<\/div>\n\t\n\n              <\/div>\n           <\/div>\n                            \n<style>\n#text-box-751579531 {\n  width: 100%;\n}\n#text-box-751579531 .text-box-content {\n  font-size: 100%;\n}\n<\/style>\n    <\/div>\n \n\n        <\/div>\n      <\/div>\n\n            \n<style>\n#banner-1118313919 {\n  padding-top: 500px;\n}\n#banner-1118313919 .banner-bg img {\n  object-position: 52% 16%;\n}\n<\/style>\n  <\/div>\n\n\n\n\t<section class=\"section\" id=\"section_221921256\">\n\t\t<div class=\"section-bg fill\" >\n\t\t\t\t\t\t\t\t\t\n\t\t\t\n\n\t\t<\/div>\n\n\t\t\n\n\t\t<div class=\"section-content relative\">\n\t\t\t\n\n<div class=\"row\"  id=\"row-1855314601\">\n\n\n\t<div id=\"col-716082642\" class=\"col small-12 large-12\"  >\n\t\t\t\t<div class=\"col-inner\"  >\n\t\t\t\n\t\t\t\n\n<div class=\"container section-title-container\" ><h2 class=\"section-title section-title-center\"><b aria-hidden=\"true\"><\/b><span class=\"section-title-main\" >Tj\u00e4nster<\/span><b aria-hidden=\"true\"><\/b><\/h2><\/div>\n\n<div class=\"accordion\">\n\n\t<div id=\"accordion-13278013\" class=\"accordion-item\">\n\t\t<a id=\"accordion-13278013-label\" class=\"accordion-title plain\" href=\"#accordion-item-vilka-\u00e4r-f\u00f6rdelarna-med-att-l\u00e4gga-ut-bokf\u00f6ring-och-andra-finansiella-tj\u00e4nster?\" aria-expanded=\"false\" aria-controls=\"accordion-13278013-content\">\n\t\t\t<button class=\"toggle\" aria-label=\"Toggle\"><i class=\"icon-angle-down\" aria-hidden=\"true\"><\/i><\/button>\n\t\t\t<span>Vilka \u00e4r f\u00f6rdelarna med att l\u00e4gga ut bokf\u00f6ring och andra finansiella tj\u00e4nster?<\/span>\n\t\t<\/a>\n\t\t<div id=\"accordion-13278013-content\" class=\"accordion-inner\" aria-labelledby=\"accordion-13278013-label\">\n\t\t\t\n\n<p>&#8211; Du sparar tid och pengar eftersom:<br>&#8211; N\u00e4r ditt f\u00f6retag v\u00e4xer kan du hitta mer tid p\u00e5 att hantera dina pengar \u00e4n att hantera din f\u00f6retagstillv\u00e4xt. Outsourcing av administrativa uppgifter som bokf\u00f6ring och redovisning hj\u00e4lper dig att fokusera din tid, energi och resurser p\u00e5 att skapa aff\u00e4rsstrategier. \u00c4nnu mer, det ger dig m\u00f6jlighet att f\u00e5 professionell r\u00e5dgivning.<br>&#8211; Outsourcing ger dig m\u00f6jlighet att anst\u00e4lla en professionell med h\u00f6gre kompetens till ett \u00f6verkomligt pris. Dessutom ger outsourcing till Alecka dig tillg\u00e5ng till ett team av proffs, inte bara till en revisor. <br>&#8211; Du kan \u00f6ka eller minska timmarna enligt ditt f\u00f6retagsbehov och utan avbrott. <br>Vi anv\u00e4nder redovisning automatisering programvara f\u00f6r att spara tid och minska risker genom att minimera m\u00e4nskliga fel. <br>&#8211; Vi h\u00e5ller din information s\u00e4ker.<\/p>\n\n\t\t<\/div>\n\t<\/div>\n\t\n\t<div id=\"accordion-639605646\" class=\"accordion-item\">\n\t\t<a id=\"accordion-639605646-label\" class=\"accordion-title plain\" href=\"#accordion-item-jag-vill-bara-l\u00e4gga-ut-en-del-av-mina-redovisningsuppgifter.-hur-g\u00e5r-vi-vidare?\" aria-expanded=\"false\" aria-controls=\"accordion-639605646-content\">\n\t\t\t<button class=\"toggle\" aria-label=\"Toggle\"><i class=\"icon-angle-down\" aria-hidden=\"true\"><\/i><\/button>\n\t\t\t<span>Jag vill bara l\u00e4gga ut en del av mina redovisningsuppgifter. Hur g\u00e5r vi vidare?<\/span>\n\t\t<\/a>\n\t\t<div id=\"accordion-639605646-content\" class=\"accordion-inner\" aria-labelledby=\"accordion-639605646-label\">\n\t\t\t\n\n<p>&#8211; Vi kan arbeta tillsammans med ditt team f\u00f6r att hj\u00e4lpa dig att best\u00e4mma vilka tj\u00e4nster som du vill l\u00e4gga ut f\u00f6rst och hur du g\u00f6r det. Inget f\u00f6retag \u00e4r f\u00f6r litet eller f\u00f6r stort f\u00f6r oss och vi kan anpassa oss till alla aff\u00e4rsbehov. Vi kommer f\u00f6rst att ha en chatt f\u00f6r att diskutera all information, s\u00e5 kontakta oss f\u00f6r att skapa ett m\u00f6te.<\/p>\n\n\t\t<\/div>\n\t<\/div>\n\t\n\t<div id=\"accordion-2868530185\" class=\"accordion-item\">\n\t\t<a id=\"accordion-2868530185-label\" class=\"accordion-title plain\" href=\"#accordion-item-hur-kan-jag-\u00f6verg\u00e5-fr\u00e5n-intern-till-outsourcad-redovisning?\" aria-expanded=\"false\" aria-controls=\"accordion-2868530185-content\">\n\t\t\t<button class=\"toggle\" aria-label=\"Toggle\"><i class=\"icon-angle-down\" aria-hidden=\"true\"><\/i><\/button>\n\t\t\t<span>Hur kan jag \u00f6verg\u00e5 fr\u00e5n intern till outsourcad redovisning?<\/span>\n\t\t<\/a>\n\t\t<div id=\"accordion-2868530185-content\" class=\"accordion-inner\" aria-labelledby=\"accordion-2868530185-label\">\n\t\t\t\n\n<p>&#8211; Vi hj\u00e4lper dig med \u00f6verg\u00e5ngsprocessen, vi guidar dig steg f\u00f6r steg in i \u00f6verg\u00e5ngen. <\/p>\n\n\t\t<\/div>\n\t<\/div>\n\t\n\t<div id=\"accordion-3438981504\" class=\"accordion-item\">\n\t\t<a id=\"accordion-3438981504-label\" class=\"accordion-title plain\" href=\"#accordion-item-vad-beh\u00f6ver-vi-f\u00f6rse-dig-f\u00f6r-att-g\u00f6ra-ditt-jobb?\" aria-expanded=\"false\" aria-controls=\"accordion-3438981504-content\">\n\t\t\t<button class=\"toggle\" aria-label=\"Toggle\"><i class=\"icon-angle-down\" aria-hidden=\"true\"><\/i><\/button>\n\t\t\t<span>Vad beh\u00f6ver vi f\u00f6rse dig f\u00f6r att g\u00f6ra ditt jobb?<\/span>\n\t\t<\/a>\n\t\t<div id=\"accordion-3438981504-content\" class=\"accordion-inner\" aria-labelledby=\"accordion-3438981504-label\">\n\t\t\t\n\n<p>&#8211; V\u00e5rt m\u00e5l \u00e4r att hj\u00e4lpa dig att n\u00e5 dina aff\u00e4rsm\u00e5l och f\u00f6r det beh\u00f6ver vi tillg\u00e5ng till dina k\u00e4lldokument &#8211; antingen i elektronisk eller pappersform. Vanliga dokument inkluderar, men \u00e4r inte begr\u00e4nsade till, kontoutdrag, kreditkortsutdrag, f\u00f6rs\u00e4ljningssystem (POS), programvara, lager, leverant\u00f6rsskulder och kundfordringar. Vi guidar dig steg f\u00f6r steg om hur du f\u00f6rbereder dessa dokument. Det vi beh\u00f6ver fr\u00e5n dig kommer att anpassas till ditt unika f\u00f6retag.<\/p>\n\n\t\t<\/div>\n\t<\/div>\n\t\n\n<\/div>\n\n\t\t<\/div>\n\t\t\t\t\t<\/div>\n\n\t\n\n\t<div id=\"col-1515446299\" class=\"col small-12 large-12\"  >\n\t\t\t\t<div class=\"col-inner\"  >\n\t\t\t\n\t\t\t\n\n<div class=\"row\"  id=\"row-1426744746\">\n\n\n\t<div id=\"col-421097340\" class=\"col small-12 large-12\"  >\n\t\t\t\t<div class=\"col-inner\"  >\n\t\t\t\n\t\t\t\n\n<div class=\"container section-title-container\" ><h2 class=\"section-title section-title-center\"><b aria-hidden=\"true\"><\/b><span class=\"section-title-main\" >Betalningar<\/span><b aria-hidden=\"true\"><\/b><\/h2><\/div>\n\n<div class=\"accordion\">\n\n\t<div id=\"accordion-2507001959\" class=\"accordion-item\">\n\t\t<a id=\"accordion-2507001959-label\" class=\"accordion-title plain\" href=\"#accordion-item-hur-mycket-kostar-finansiella-tj\u00e4nster-som-bokf\u00f6ring-eller-hr?-vilka-faktorer-ing\u00e5r-i-priss\u00e4ttningen?\" aria-expanded=\"false\" aria-controls=\"accordion-2507001959-content\">\n\t\t\t<button class=\"toggle\" aria-label=\"Toggle\"><i class=\"icon-angle-down\" aria-hidden=\"true\"><\/i><\/button>\n\t\t\t<span>Hur mycket kostar finansiella tj\u00e4nster som bokf\u00f6ring eller HR? Vilka faktorer ing\u00e5r i priss\u00e4ttningen?<\/span>\n\t\t<\/a>\n\t\t<div id=\"accordion-2507001959-content\" class=\"accordion-inner\" aria-labelledby=\"accordion-2507001959-label\">\n\t\t\t\n\n<p>-Priset f\u00f6r v\u00e5ra tj\u00e4nster varierar beroende p\u00e5 ditt f\u00f6retags behov. V\u00e5rt pris baseras p\u00e5 ditt f\u00f6retags redovisning aktivitet och komplexiteten i dina finansiella rapporter. V\u00e5r priss\u00e4ttning baseras inte p\u00e5 storleken p\u00e5 ditt f\u00f6retag. Varje f\u00f6retag f\u00e5r ett skr\u00e4ddarsytt erbjudande f\u00f6r att passa sina aff\u00e4rsbehov och f\u00f6r att hj\u00e4lpa det att n\u00e5 sina m\u00e5l.<\/p>\n\n\t\t<\/div>\n\t<\/div>\n\t\n\t<div id=\"accordion-1729203131\" class=\"accordion-item\">\n\t\t<a id=\"accordion-1729203131-label\" class=\"accordion-title plain\" href=\"#accordion-item-\u00c4r-dina-avgifter-fasta-eller-variabler?\" aria-expanded=\"false\" aria-controls=\"accordion-1729203131-content\">\n\t\t\t<button class=\"toggle\" aria-label=\"Toggle\"><i class=\"icon-angle-down\" aria-hidden=\"true\"><\/i><\/button>\n\t\t\t<span>\u00c4r dina avgifter fasta eller variabler?<\/span>\n\t\t<\/a>\n\t\t<div id=\"accordion-1729203131-content\" class=\"accordion-inner\" aria-labelledby=\"accordion-1729203131-label\">\n\t\t\t\n\n<p>-Det kan vara en flexibel m\u00e5nadsavgift, som kan variera beroende p\u00e5 hur mycket konsulttid som beh\u00f6vs eller en fast m\u00e5nadsavgift som \u00e4r all-inclusive. Paketet med allomfattande tj\u00e4nster kan inneh\u00e5lla resultatr\u00e4kningar, balansr\u00e4kningar, bankavst\u00e4mningar, aff\u00e4rsskatter, f\u00f6rs\u00e4ljningsskatter, revisionsrepresentation och obegr\u00e4nsat samr\u00e5d. Alla erbjudanden \u00e4r dock skr\u00e4ddarsydda f\u00f6r varje kund s\u00e5 kontakta oss f\u00f6r en detaljerad diskussion om v\u00e5ra tj\u00e4nster och paket.<\/p>\n\n\t\t<\/div>\n\t<\/div>\n\t\n\n<\/div>\n\n\t\t<\/div>\n\t\t\t\t\t<\/div>\n\n\t\n\n<\/div>\n\n\t\t<\/div>\n\t\t\t\t\t<\/div>\n\n\t\n\n<\/div>\n\n\t\t<\/div>\n\n\t\t\n<style>\n#section_221921256 {\n  padding-top: 60px;\n  padding-bottom: 60px;\n  background-color: rgb(255,255,255);\n}\n<\/style>\n\t<\/section>\n\t\n","protected":false},"excerpt":{"rendered":"","protected":false},"author":1,"featured_media":0,"parent":0,"menu_order":0,"comment_status":"closed","ping_status":"closed","template":"","meta":{"footnotes":""},"class_list":["post-461","page","type-page","status-publish","hentry"],"_links":{"self":[{"href":"https:\/\/alecka.se\/sv\/wp-json\/wp\/v2\/pages\/461","targetHints":{"allow":["GET"]}}],"collection":[{"href":"https:\/\/alecka.se\/sv\/wp-json\/wp\/v2\/pages"}],"about":[{"href":"https:\/\/alecka.se\/sv\/wp-json\/wp\/v2\/types\/page"}],"author":[{"embeddable":true,"href":"https:\/\/alecka.se\/sv\/wp-json\/wp\/v2\/users\/1"}],"replies":[{"embeddable":true,"href":"https:\/\/alecka.se\/sv\/wp-json\/wp\/v2\/comments?post=461"}],"version-history":[{"count":17,"href":"https:\/\/alecka.se\/sv\/wp-json\/wp\/v2\/pages\/461\/revisions"}],"predecessor-version":[{"id":507,"href":"https:\/\/alecka.se\/sv\/wp-json\/wp\/v2\/pages\/461\/revisions\/507"}],"wp:attachment":[{"href":"https:\/\/alecka.se\/sv\/wp-json\/wp\/v2\/media?parent=461"}],"curies":[{"name":"wp","href":"https:\/\/api.w.org\/{rel}","templated":true}]}}