{"id":485,"date":"2021-07-28T14:50:19","date_gmt":"2021-07-28T12:50:19","guid":{"rendered":"https:\/\/alecka.se\/tjanster\/"},"modified":"2021-07-28T14:50:20","modified_gmt":"2021-07-28T12:50:20","slug":"tjanster","status":"publish","type":"page","link":"https:\/\/alecka.se\/sv\/tjanster\/","title":{"rendered":"Tj\u00e4nster"},"content":{"rendered":"\n\n\t<section class=\"section dark has-scroll-for-more\" id=\"section_1194280265\">\n\t\t<div class=\"section-bg fill\" >\n\t\t\t<img loading=\"lazy\" decoding=\"async\" width=\"2250\" height=\"750\" src=\"https:\/\/alecka.se\/wp-content\/uploads\/2021\/04\/Accounting-Alecka.jpg\" class=\"bg attachment-original size-original\" alt=\"\" \/>\t\t\t\t\t\t<div class=\"section-bg-overlay absolute fill\"><\/div><button class=\"scroll-for-more z-5 icon absolute bottom h-center\" aria-label=\"Scroll for more\"><i class=\"icon-angle-down\" aria-hidden=\"true\" style=\"font-size:42px;\"><\/i><\/button>\n\t\t\t\n\n\t\t<\/div>\n\n\t\t\n\n\t\t<div class=\"section-content relative\">\n\t\t\t\n\n<div class=\"row row-collapse align-middle align-center\"  id=\"row-705711356\">\n\n\n\t<div id=\"col-1817055448\" class=\"col small-12 large-12\"  >\n\t\t\t\t<div class=\"col-inner text-center\"  >\n\t\t\t\n\t\t\t\n\n\t<div id=\"text-2741275792\" class=\"text\">\n\t\t\n\n<h1>V\u00c5RA TJ\u00c4NSTER<\/h1>\n\t\t\n<style>\n#text-2741275792 {\n  font-size: 1.5rem;\n}\n<\/style>\n\t<\/div>\n\t\n\n\t\t<\/div>\n\t\t\t\t\t<\/div>\n\n\t\n\n<\/div>\n\n\t\t<\/div>\n\n\t\t\n<style>\n#section_1194280265 {\n  padding-top: 30px;\n  padding-bottom: 30px;\n  min-height: 400px;\n}\n#section_1194280265 .section-bg-overlay {\n  background-color: rgba(0, 0, 0, 0.244);\n}\n#section_1194280265 .section-bg img {\n  object-position: 51% 100%;\n}\n<\/style>\n\t<\/section>\n\t\n\n\t<section class=\"section\" id=\"section_976303125\">\n\t\t<div class=\"section-bg fill\" >\n\t\t\t\t\t\t\t\t\t\n\t\t\t\n\n\t\t<\/div>\n\n\t\t\n\n\t\t<div class=\"section-content relative\">\n\t\t\t\n\n<div class=\"row\"  id=\"row-1026185907\">\n\n\n\t<div id=\"col-1083475894\" class=\"col small-12 large-12\"  >\n\t\t\t\t<div class=\"col-inner\"  >\n\t\t\t\n\t\t\t\n\n<div class=\"row row-collapse align-middle\"  id=\"row-194609937\">\n\n\n\t<div id=\"col-1003578163\" class=\"col medium-5 small-12 large-4\"  >\n\t\t\t\t<div class=\"col-inner text-center\"  >\n\t\t\t\n\t\t\t\n\n\t<div class=\"img has-hover x md-x lg-x y md-y lg-y\" id=\"image_111200691\">\n\t\t\t\t\t\t\t\t<div class=\"img-inner dark\" >\n\t\t\t<img loading=\"lazy\" decoding=\"async\" width=\"2597\" height=\"2597\" src=\"https:\/\/alecka.se\/wp-content\/uploads\/2021\/04\/007-company-registration-article-of-incorporation-Alecka.svg\" class=\"attachment-original size-original\" alt=\"\" \/>\t\t\t\t\t\t\n\t\t\t\t\t<\/div>\n\t\t\t\t\t\t\t\t\n<style>\n#image_111200691 {\n  width: 59%;\n}\n<\/style>\n\t<\/div>\n\t\n\n\n\t\t<\/div>\n\t\t\t\t\t<\/div>\n\n\t\n\n\t<div id=\"col-1065621481\" class=\"col team-sorted-info medium-7 small-12 large-8\"  >\n\t\t\t\t<div class=\"col-inner\"  >\n\t\t\t\n\t\t\t\n\n\t<div id=\"gap-1935947175\" class=\"gap-element clearfix\" style=\"display:block; height:auto;\">\n\t\t\n<style>\n#gap-1935947175 {\n  padding-top: 5px;\n}\n<\/style>\n\t<\/div>\n\t\n\n<h2>F\u00f6retagsregistrering och installation<\/h2>\n<p>Etablering av f\u00f6retag f\u00f6r svenska medborgare eller utl\u00e4ndska medborgare oavsett om de kommer fr\u00e5n EU eller INTE EU<br>\u00d6ppnar ett filialkontor i Sverige f\u00f6r utl\u00e4ndska f\u00f6retag.<\/p>\n<p>Typer av juridiska personer i Sverige:<\/p>\n<p>AB (Aktiebolag): Aktiebolag (Ltd). L\u00e4gsta kapital 25 000 kr.<br>AB (publ) (Publikt aktiebolag): Aktiebolag (plc). L\u00e4gsta kapital 500 000 kr.<br>Ek. f\u00f6r. (Ekonomisk f\u00f6rening): ekonomisk f\u00f6rening (minst tre medlemmar)<br>Bostadsr\u00e4ttsf\u00f6rening=hus\u00e4garf\u00f6rening<br>Hyresr\u00e4ttsf\u00f6rening: hyresg\u00e4stf\u00f6rening<br>Kooperativ: kooperativ<br>Enskild firma: enmansf\u00f6retag<br>HB (Handelsbolag): allm\u00e4nt partnerskap<br>KB (Kommanditbolag): kommanditbolag<br>Enkelt bolag: Reglerat partnerskap mellan tv\u00e5 delar (f\u00f6retag eller privatpersoner)<br>Ideell f\u00f6rening: ideell organisation<br>Stiftelse: Foundation, som har kapital eller egendom men inga medlemmar eller \u00e4gare (aktie\u00e4gare)<br>Filial: Filial. Ett utl\u00e4ndskt f\u00f6retag f\u00e5r bara ha en filial i Sverige.<\/p>\n<div class=\"is-divider divider clearfix\" style=\"margin-top:1.2em;margin-bottom:1.2em;max-width:100%;height:2px;background-color:rgba(0, 0, 0, 0.09);\"><\/div>\n\n\n\t\t<\/div>\n\t\t\t\t\n<style>\n#col-1065621481 > .col-inner {\n  padding: 40px 40px 40px 40px;\n}\n<\/style>\n\t<\/div>\n\n\t\n\n<\/div>\n\n\t\t<\/div>\n\t\t\t\t\n<style>\n#col-1083475894 > .col-inner {\n  margin: 10px 0px 10px 0px;\n}\n<\/style>\n\t<\/div>\n\n\t\n\n\n<style>\n#row-1026185907 > .col > .col-inner {\n  background-color: rgb(255,255,255);\n}\n<\/style>\n<\/div>\n<div class=\"row\"  id=\"row-2111591988\">\n\n\n\t<div id=\"col-2090375569\" class=\"col small-12 large-12\"  >\n\t\t\t\t<div class=\"col-inner\"  >\n\t\t\t\n\t\t\t\n\n<div class=\"row row-collapse align-middle\"  id=\"row-475919983\">\n\n\n\t<div id=\"col-1810722739\" class=\"col team-sorted-info medium-7 small-12 large-8\"  >\n\t\t\t\t<div class=\"col-inner\"  >\n\t\t\t\n\t\t\t\n\n<h2>Momsregristrering<\/h2>\n<p>N\u00e4r ditt f\u00f6retag \u00e4r registrerat hos Bolagsverket, m\u00e5ste det registreras hos Skatteverket f\u00f6r skatte\u00e4ndam\u00e5l.<br>Beroende p\u00e5 vilken typ av f\u00f6retag du har kan du beh\u00f6va registrera dig f\u00f6r moms (svenska: Merv\u00e4rdesskatt, Moms).<\/p>\n<p>Om ditt f\u00f6retag \u00e4r momspliktigt m\u00e5ste det vara momsregistrerat. Om du har anst\u00e4llda (inklusive dig sj\u00e4lv om du arbetar f\u00f6r ett aktiebolag) m\u00e5ste ditt f\u00f6retag registreras som arbetsgivare f\u00f6r Pay As You Earn (PAYE arbetsgivaresavgift).<\/p>\n\t<div id=\"gap-1862428197\" class=\"gap-element clearfix\" style=\"display:block; height:auto;\">\n\t\t\n<style>\n#gap-1862428197 {\n  padding-top: 5px;\n}\n<\/style>\n\t<\/div>\n\t\n\n<div class=\"is-divider divider clearfix\" style=\"margin-top:1.2em;margin-bottom:1.2em;max-width:100%;height:2px;background-color:rgba(0, 0, 0, 0.09);\"><\/div>\n\n\n\t\t<\/div>\n\t\t\t\t\n<style>\n#col-1810722739 > .col-inner {\n  padding: 40px 40px 40px 40px;\n}\n<\/style>\n\t<\/div>\n\n\t\n\n\t<div id=\"col-1330856438\" class=\"col medium-5 small-12 large-4 small-col-first\"  >\n\t\t\t\t<div class=\"col-inner text-center\"  >\n\t\t\t\n\t\t\t\n\n\t<div class=\"img has-hover x md-x lg-x y md-y lg-y\" id=\"image_37279674\">\n\t\t\t\t\t\t\t\t<div class=\"img-inner dark\" >\n\t\t\t<img loading=\"lazy\" decoding=\"async\" width=\"4583\" height=\"4750\" src=\"https:\/\/alecka.se\/wp-content\/uploads\/2021\/04\/VAT-registration.svg\" class=\"attachment-original size-original\" alt=\"\" \/>\t\t\t\t\t\t\n\t\t\t\t\t<\/div>\n\t\t\t\t\t\t\t\t\n<style>\n#image_37279674 {\n  width: 59%;\n}\n<\/style>\n\t<\/div>\n\t\n\n\n\t\t<\/div>\n\t\t\t\t\t<\/div>\n\n\t\n\n<\/div>\n\n\t\t<\/div>\n\t\t\t\t\n<style>\n#col-2090375569 > .col-inner {\n  margin: 10px 0px 10px 0px;\n}\n<\/style>\n\t<\/div>\n\n\t\n\n\n<style>\n#row-2111591988 > .col > .col-inner {\n  background-color: rgb(255,255,255);\n}\n<\/style>\n<\/div>\n<div class=\"row\"  id=\"row-130220759\">\n\n\n\t<div id=\"col-1206328519\" class=\"col small-12 large-12\"  >\n\t\t\t\t<div class=\"col-inner\"  >\n\t\t\t\n\t\t\t\n\n<div class=\"row row-collapse align-middle\"  id=\"row-1295264299\">\n\n\n\t<div id=\"col-623938304\" class=\"col medium-5 small-12 large-4\"  >\n\t\t\t\t<div class=\"col-inner text-center\"  >\n\t\t\t\n\t\t\t\n\n\t<div class=\"img has-hover x md-x lg-x y md-y lg-y\" id=\"image_1118769274\">\n\t\t\t\t\t\t\t\t<div class=\"img-inner dark\" >\n\t\t\t<img loading=\"lazy\" decoding=\"async\" width=\"3268\" height=\"3268\" src=\"https:\/\/alecka.se\/wp-content\/uploads\/2021\/04\/015-bootstrapping-HR-and-payroll.svg\" class=\"attachment-original size-original\" alt=\"\" \/>\t\t\t\t\t\t\n\t\t\t\t\t<\/div>\n\t\t\t\t\t\t\t\t\n<style>\n#image_1118769274 {\n  width: 59%;\n}\n<\/style>\n\t<\/div>\n\t\n\n\n\t\t<\/div>\n\t\t\t\t\t<\/div>\n\n\t\n\n\t<div id=\"col-845269984\" class=\"col team-sorted-info medium-7 small-12 large-8\"  >\n\t\t\t\t<div class=\"col-inner\"  >\n\t\t\t\n\t\t\t\n\n<h2>HR- och l\u00f6ntj\u00e4nster<\/h2>\n<p>Vi kan ta hand om alla \u00e4renden relaterade till personal- och l\u00f6neadministration, b\u00f6rjar med att till\u00e4mpa anst\u00e4llningsavtal, f\u00f6rbereda och modifiera avtalen, uppr\u00e4tth\u00e5lla medarbetarregister, uppr\u00e4tta ett samarbete med fackf\u00f6reningarna, upp till k\u00e4nsliga fr\u00e5gor som avtalsupps\u00e4gning, anst\u00e4lldas fr\u00e5nvarohantering eller omstrukturering av personal. N\u00e5gra av v\u00e5ra mest efterfr\u00e5gade tj\u00e4nster \u00e4r:<\/p>\n<p>Tj\u00e4nster f\u00f6re anst\u00e4llning<br>Anst\u00e4llningsavtal och allt n\u00f6dv\u00e4ndigt pappersarbete<br>Samarbete med fackf\u00f6reningar<br>L\u00f6n och f\u00f6rm\u00e5ner betalningar<br>Skattedeklaration och rapportering<br>Individuella l\u00f6nebesked<br>Pensionsf\u00f6rvaltningen<br>R\u00e5dgivning om arbetsr\u00e4tt och l\u00f6neskatter<br>EU \/ EEA-medborgarst\u00f6d och ans\u00f6kan om SINK-skatt eller A-skatt<br>Hj\u00e4lp i f\u00f6retagets omstruktureringsplan<br>St\u00f6d f\u00f6r egenf\u00f6retagare (t.ex. frilansare)<br>Juridisk r\u00e5dgivning (via v\u00e5ra partners)<\/p>\n\t<div id=\"gap-30498358\" class=\"gap-element clearfix\" style=\"display:block; height:auto;\">\n\t\t\n<style>\n#gap-30498358 {\n  padding-top: 5px;\n}\n<\/style>\n\t<\/div>\n\t\n\n<div class=\"is-divider divider clearfix\" style=\"margin-top:1.2em;margin-bottom:1.2em;max-width:100%;height:2px;background-color:rgba(0, 0, 0, 0.09);\"><\/div>\n\n\n\t\t<\/div>\n\t\t\t\t\n<style>\n#col-845269984 > .col-inner {\n  padding: 40px 40px 40px 40px;\n}\n<\/style>\n\t<\/div>\n\n\t\n\n<\/div>\n\n\t\t<\/div>\n\t\t\t\t\n<style>\n#col-1206328519 > .col-inner {\n  margin: 10px 0px 10px 0px;\n}\n<\/style>\n\t<\/div>\n\n\t\n\n\n<style>\n#row-130220759 > .col > .col-inner {\n  background-color: rgb(255,255,255);\n}\n<\/style>\n<\/div>\n<div class=\"row\"  id=\"row-1395474134\">\n\n\n\t<div id=\"col-43032597\" class=\"col small-12 large-12\"  >\n\t\t\t\t<div class=\"col-inner\"  >\n\t\t\t\n\t\t\t\n\n<div class=\"row row-collapse align-middle\"  id=\"row-1569948291\">\n\n\n\t<div id=\"col-806188262\" class=\"col team-sorted-info medium-7 small-12 large-8\"  >\n\t\t\t\t<div class=\"col-inner\"  >\n\t\t\t\n\t\t\t\n\n<h2>Bokf\u00f6ring<\/h2>\n\t<div id=\"gap-495647484\" class=\"gap-element clearfix\" style=\"display:block; height:auto;\">\n\t\t\n<style>\n#gap-495647484 {\n  padding-top: 5px;\n}\n<\/style>\n\t<\/div>\n\t\n\n<p>V\u00e5ra redovisningstj\u00e4nster inkluderar:<\/p>\n<p>Implementering av finansiella och bokf\u00f6ringssystem<br>Hantering av leverant\u00f6rsfakturor<br>Fakturering &#8211; fakturering f\u00f6r din r\u00e4kning f\u00f6r att s\u00e4kerst\u00e4lla att korrekt moms till\u00e4mpas och att alla juridiska krav respekteras<br>Bokf\u00f6ring &#8211; bokf\u00f6ring av f\u00f6retagets finansiella konton<br>M\u00e5nadsavst\u00e4mning och finansiella rapporter &#8211; vi utf\u00e4rdar balansr\u00e4kningar och resultatr\u00e4kningar automatiskt fr\u00e5n v\u00e5r programvara<br>Skatteredovisning &#8211; skattedeklaration och skydda ditt f\u00f6retag fr\u00e5n att betala on\u00f6diga skatter<br>Chartered accounting och Forensic accounting<br>Bankavst\u00e4mning<br>Ekonomistyrningstj\u00e4nster<\/p>\n<div class=\"is-divider divider clearfix\" style=\"margin-top:1.2em;margin-bottom:1.2em;max-width:100%;height:2px;background-color:rgba(0, 0, 0, 0.09);\"><\/div>\n\n\n\t\t<\/div>\n\t\t\t\t\n<style>\n#col-806188262 > .col-inner {\n  padding: 40px 40px 40px 40px;\n}\n<\/style>\n\t<\/div>\n\n\t\n\n\t<div id=\"col-136406527\" class=\"col medium-5 small-12 large-4 small-col-first\"  >\n\t\t\t\t<div class=\"col-inner text-center\"  >\n\t\t\t\n\t\t\t\n\n\t<div class=\"img has-hover x md-x lg-x y md-y lg-y\" id=\"image_248347175\">\n\t\t\t\t\t\t\t\t<div class=\"img-inner dark\" >\n\t\t\t<img loading=\"lazy\" decoding=\"async\" width=\"64\" height=\"64\" src=\"https:\/\/alecka.se\/wp-content\/uploads\/2021\/04\/accounting-2.svg\" class=\"attachment-original size-original\" alt=\"\" \/>\t\t\t\t\t\t\n\t\t\t\t\t<\/div>\n\t\t\t\t\t\t\t\t\n<style>\n#image_248347175 {\n  width: 59%;\n}\n<\/style>\n\t<\/div>\n\t\n\n\n\t\t<\/div>\n\t\t\t\t\t<\/div>\n\n\t\n\n<\/div>\n\n\t\t<\/div>\n\t\t\t\t\n<style>\n#col-43032597 > .col-inner {\n  margin: 10px 0px 10px 0px;\n}\n<\/style>\n\t<\/div>\n\n\t\n\n\t<div id=\"col-1190232162\" class=\"col small-12 large-12\"  >\n\t\t\t\t<div class=\"col-inner\"  >\n\t\t\t\n\t\t\t\n\n<div class=\"row row-collapse align-middle\"  id=\"row-836568920\">\n\n\n\t<div id=\"col-1376222470\" class=\"col medium-5 small-12 large-4 small-col-first\"  >\n\t\t\t\t<div class=\"col-inner text-center\"  >\n\t\t\t\n\t\t\t\n\n\t<div class=\"img has-hover x md-x lg-x y md-y lg-y\" id=\"image_265487186\">\n\t\t\t\t\t\t\t\t<div class=\"img-inner dark\" >\n\t\t\t<img loading=\"lazy\" decoding=\"async\" width=\"512\" height=\"512\" src=\"https:\/\/alecka.se\/wp-content\/uploads\/2021\/04\/report.svg\" class=\"attachment-original size-original\" alt=\"\" \/>\t\t\t\t\t\t\n\t\t\t\t\t<\/div>\n\t\t\t\t\t\t\t\t\n<style>\n#image_265487186 {\n  width: 59%;\n}\n<\/style>\n\t<\/div>\n\t\n\n\n\t\t<\/div>\n\t\t\t\t\t<\/div>\n\n\t\n\n\t<div id=\"col-1894997703\" class=\"col team-sorted-info medium-7 small-12 large-8\"  >\n\t\t\t\t<div class=\"col-inner\"  >\n\t\t\t\n\t\t\t\n\n<h2>Skatter\u00e5dgivning och finansiell r\u00e5dgivning<\/h2>\n\t<div id=\"gap-1895213171\" class=\"gap-element clearfix\" style=\"display:block; height:auto;\">\n\t\t\n<style>\n#gap-1895213171 {\n  padding-top: 5px;\n}\n<\/style>\n\t<\/div>\n\t\n\n<p>Vi f\u00f6rbereder skattedeklarationer f\u00f6r ditt f\u00f6retag eller om du f\u00f6redrar kan vi ge information och r\u00e5d som hj\u00e4lper dig att fylla i dina egna skattedeklarationer. Vi svarar p\u00e5 alla dina fr\u00e5gor, hj\u00e4lper dig att f\u00f6rbereda dig f\u00f6r framtida skattesituationer och analyserar information f\u00f6r att s\u00e4kerst\u00e4lla efterlevnad av statliga best\u00e4mmelser.<br>Vi analyserar din skattesituation, vi rekommenderar dig hur du s\u00e4kerst\u00e4ller fullst\u00e4ndig efterlevnad, minimerar dina skatterisker och maximerar din skatteeffektivitet. Vi sparar pengar genom att optimera betalningar och kommer att erbjuda dig personlig investeringsv\u00e4gledning s\u00e5 att du kan ta de b\u00e4sta besluten och v\u00e4xa ditt f\u00f6retag.<\/p>\n<p>Finansiell r\u00e5dgivning inklusive investeringsr\u00e5dgivning och skattehantering.<br>Hj\u00e4lp till att optimera skattebetalningar och investeringar.<br>K\u00f6p och f\u00f6rs\u00e4ljning av f\u00f6retag<br>Transformation och omstrukturering<br>Skatterevisioner, skatteprocesser och omv\u00e4rderingar<br>F\u00f6rm\u00e5nebeskattning och sociala avgifter<br>Internationell f\u00f6retagsbeskattning<\/p>\n<div class=\"is-divider divider clearfix\" style=\"margin-top:1.2em;margin-bottom:1.2em;max-width:100%;height:2px;background-color:rgba(0, 0, 0, 0.09);\"><\/div>\n\n\n\t\t<\/div>\n\t\t\t\t\n<style>\n#col-1894997703 > .col-inner {\n  padding: 40px 40px 40px 40px;\n}\n<\/style>\n\t<\/div>\n\n\t\n\n<\/div>\n\n\t\t<\/div>\n\t\t\t\t\n<style>\n#col-1190232162 > .col-inner {\n  margin: 10px 0px 10px 0px;\n}\n<\/style>\n\t<\/div>\n\n\t\n\n\t<div id=\"col-924415224\" class=\"col small-12 large-12\"  >\n\t\t\t\t<div class=\"col-inner\"  >\n\t\t\t\n\t\t\t\n\n<div class=\"row row-collapse align-middle\"  id=\"row-1739433716\">\n\n\n\t<div id=\"col-702678372\" class=\"col team-sorted-info medium-7 small-12 large-8\"  >\n\t\t\t\t<div class=\"col-inner\"  >\n\t\t\t\n\t\t\t\n\n<h2>Revisionstj\u00e4nster<\/h2>\n\t<div id=\"gap-743398525\" class=\"gap-element clearfix\" style=\"display:block; height:auto;\">\n\t\t\n<style>\n#gap-743398525 {\n  padding-top: 5px;\n}\n<\/style>\n\t<\/div>\n\t\n\n<p>Vi kommer att g\u00f6ra en objektiv granskning och utv\u00e4rdering av din organisations finansiella rapporter.<br>Vi kommer att bed\u00f6ma din ekonomiska verksamhet och se till att din organisation drivs effektivt.<br>I slutet av r\u00e4kenskaps\u00e5ret kommer en resultatr\u00e4kning, en balansr\u00e4kning och en f\u00f6rvaltningsber\u00e4ttelse att uppr\u00e4ttas, \u00e5rsredovisningen kommer att granskas och sedan \u00f6verl\u00e4mnas till Bolagsverket.<br>\u00c5rsredovisningar och andra redovisningsdokument som l\u00e4mnas in f\u00f6r filialen och det utl\u00e4ndska f\u00f6retaget m\u00e5ste skrivas p\u00e5 eller \u00f6vers\u00e4ttas till svenska och vi kan hj\u00e4lpa dig med detta genom v\u00e5ra partners.<\/p>\n<div class=\"is-divider divider clearfix\" style=\"margin-top:1.2em;margin-bottom:1.2em;max-width:100%;height:2px;background-color:rgba(0, 0, 0, 0.09);\"><\/div>\n\n\n\t\t<\/div>\n\t\t\t\t\n<style>\n#col-702678372 > .col-inner {\n  padding: 40px 40px 40px 40px;\n}\n<\/style>\n\t<\/div>\n\n\t\n\n\t<div id=\"col-1286050086\" class=\"col medium-5 small-12 large-4 small-col-first\"  >\n\t\t\t\t<div class=\"col-inner text-center\"  >\n\t\t\t\n\t\t\t\n\n\t<div class=\"img has-hover x md-x lg-x y md-y lg-y\" id=\"image_174270050\">\n\t\t\t\t\t\t\t\t<div class=\"img-inner dark\" >\n\t\t\t<img loading=\"lazy\" decoding=\"async\" width=\"512\" height=\"512\" src=\"https:\/\/alecka.se\/wp-content\/uploads\/2021\/04\/search.svg\" class=\"attachment-original size-original\" alt=\"\" \/>\t\t\t\t\t\t\n\t\t\t\t\t<\/div>\n\t\t\t\t\t\t\t\t\n<style>\n#image_174270050 {\n  width: 53%;\n}\n<\/style>\n\t<\/div>\n\t\n\n\n\t\t<\/div>\n\t\t\t\t\t<\/div>\n\n\t\n\n<\/div>\n\n\t\t<\/div>\n\t\t\t\t\n<style>\n#col-924415224 > .col-inner {\n  margin: 10px 0px 10px 0px;\n}\n<\/style>\n\t<\/div>\n\n\t\n\n\n<style>\n#row-1395474134 > .col > .col-inner {\n  background-color: rgb(255,255,255);\n}\n<\/style>\n<\/div>\n\n\t\t<\/div>\n\n\t\t\n<style>\n#section_976303125 {\n  padding-top: 60px;\n  padding-bottom: 60px;\n  background-color: rgb(250, 250, 250);\n}\n<\/style>\n\t<\/section>\n\t\n\n\t<section class=\"section\" id=\"section_155205548\">\n\t\t<div class=\"section-bg fill\" >\n\t\t\t\t\t\t\t\t\t\n\t\t\t\n\n\t\t<\/div>\n\n\t\t\n\n\t\t<div class=\"section-content relative\">\n\t\t\t\n\n<div class=\"row\"  id=\"row-1441754194\">\n\n\n\t<div id=\"col-278372525\" class=\"col small-12 large-12\"  >\n\t\t\t\t<div class=\"col-inner text-center dark\" style=\"background-color:#273647;\" >\n\t\t\t\n\t\t\t\n\n<h3> Har du fortfarande en fr\u00e5ga ?<br><\/h3>\n<p>Kontakta oss f\u00f6r mer information<\/p>\n<a href=\"#contact_form\" class=\"button primary\" style=\"border-radius:5px;padding:10px 30px 10px 30px;\">\n\t\t<span>Komma i kontakt<\/span>\n\t<\/a>\n\n\n\n\t\t<\/div>\n\t\t\t\t\n<style>\n#col-278372525 > .col-inner {\n  padding: 40px 40px 40px 40px;\n  margin: 40px 0px 0px 0px;\n  border-radius: 20px;\n}\n<\/style>\n\t<\/div>\n\n\t\n\n<\/div>\n\n\t\t<\/div>\n\n\t\t\n<style>\n#section_155205548 {\n  padding-top: 80px;\n  padding-bottom: 80px;\n}\n<\/style>\n\t<\/section>\n\t\n\n","protected":false},"excerpt":{"rendered":"","protected":false},"author":1,"featured_media":0,"parent":0,"menu_order":0,"comment_status":"closed","ping_status":"closed","template":"","meta":{"footnotes":""},"class_list":["post-485","page","type-page","status-publish","hentry"],"_links":{"self":[{"href":"https:\/\/alecka.se\/sv\/wp-json\/wp\/v2\/pages\/485","targetHints":{"allow":["GET"]}}],"collection":[{"href":"https:\/\/alecka.se\/sv\/wp-json\/wp\/v2\/pages"}],"about":[{"href":"https:\/\/alecka.se\/sv\/wp-json\/wp\/v2\/types\/page"}],"author":[{"embeddable":true,"href":"https:\/\/alecka.se\/sv\/wp-json\/wp\/v2\/users\/1"}],"replies":[{"embeddable":true,"href":"https:\/\/alecka.se\/sv\/wp-json\/wp\/v2\/comments?post=485"}],"version-history":[{"count":4,"href":"https:\/\/alecka.se\/sv\/wp-json\/wp\/v2\/pages\/485\/revisions"}],"predecessor-version":[{"id":489,"href":"https:\/\/alecka.se\/sv\/wp-json\/wp\/v2\/pages\/485\/revisions\/489"}],"wp:attachment":[{"href":"https:\/\/alecka.se\/sv\/wp-json\/wp\/v2\/media?parent=485"}],"curies":[{"name":"wp","href":"https:\/\/api.w.org\/{rel}","templated":true}]}}