{"id":491,"date":"2021-07-28T15:22:51","date_gmt":"2021-07-28T13:22:51","guid":{"rendered":"https:\/\/alecka.se\/om-oss\/"},"modified":"2021-07-28T15:27:16","modified_gmt":"2021-07-28T13:27:16","slug":"om-oss","status":"publish","type":"page","link":"https:\/\/alecka.se\/sv\/om-oss\/","title":{"rendered":"Om oss"},"content":{"rendered":"\n\n\t<section class=\"section\" id=\"section_785082219\">\n\t\t<div class=\"section-bg fill\" >\n\t\t\t<img loading=\"lazy\" decoding=\"async\" width=\"1920\" height=\"1000\" src=\"https:\/\/alecka.se\/wp-content\/uploads\/2021\/04\/about-us-alecka-finance-and-accounting.jpg\" class=\"bg attachment-original size-original\" alt=\"\" \/>\t\t\t\t\t\t\n\t\t\t\n\n\t\t<\/div>\n\n\t\t\n\n\t\t<div class=\"section-content relative\">\n\t\t\t\n\n\t<div id=\"gap-888218788\" class=\"gap-element clearfix\" style=\"display:block; height:auto;\">\n\t\t\n<style>\n#gap-888218788 {\n  padding-top: 30px;\n}\n<\/style>\n\t<\/div>\n\t\n\n\n\t\t<\/div>\n\n\t\t\n<style>\n#section_785082219 {\n  padding-top: 30px;\n  padding-bottom: 30px;\n  min-height: 400px;\n}\n#section_785082219 .section-bg img {\n  object-position: 36% 4%;\n}\n<\/style>\n\t<\/section>\n\t\n\n\t<section class=\"section\" id=\"section_878453824\">\n\t\t<div class=\"section-bg fill\" >\n\t\t\t\t\t\t\t\t\t\n\t\t\t\n\n\t\t<\/div>\n\n\t\t\n\n\t\t<div class=\"section-content relative\">\n\t\t\t\n\n<div class=\"row\"  id=\"row-1953996728\">\n\n\n\t<div id=\"col-2136847682\" class=\"col medium-8 small-12 large-8\"  >\n\t\t\t\t<div class=\"col-inner dark\" style=\"background-color:#273647;\" >\n\t\t\t\n\t\t\t\n\n<h1>Vem \u00e4r vi<\/h1>\n<p><span style=\"font-size: 100%;\">Skapandet av Alecka kom som en naturlig f\u00f6ljd av aff\u00e4rserfarenheten och fr\u00e5n \u00f6nskan att dela med sig av den kunskap och erfarenhet som uppn\u00e5tts under de tio \u00e5ren som ekonomichef f\u00f6r ett svenskt produktionsf\u00f6retag. Med gedigna kunskap om ekonomi, ekonomihantering och aff\u00e4rsutveckling och har partnerskap med f\u00f6retag som erbjuder relaterade tj\u00e4nster, kommer Alecka att vara den perfekta partnern som svarar p\u00e5 alla dina fr\u00e5gor och erbjuder dig l\u00f6sningar.<\/span><\/p>\n<p><span style=\"font-size: 100%;\">Grundaren av Alecka \u00e4r utexaminerad fr\u00e5n en master i ekonomi vid Lunds universitet, CFO i \u00f6ver 10 \u00e5r p\u00e5 ett svenskt f\u00f6retag, med erfarenhet fr\u00e5n aff\u00e4rsmilj\u00f6n i Sverige men \u00e4ven i andra EU-l\u00e4nder.<\/span><\/p>\n\t<div id=\"gap-676012747\" class=\"gap-element clearfix\" style=\"display:block; height:auto;\">\n\t\t\n<style>\n#gap-676012747 {\n  padding-top: 10px;\n}\n<\/style>\n\t<\/div>\n\t\n\n<a href=\"#contact_form\" class=\"button primary lowercase\" rel=\"#story\" style=\"border-radius:4px;\">\n\t\t<span>Kontakta oss<\/span>\n\t<\/a>\n\n\n\n\t\t<\/div>\n\t\t\t\t\n<style>\n#col-2136847682 > .col-inner {\n  margin: -100px 0px 0px 0px;\n}\n<\/style>\n\t<\/div>\n\n\t\n\n\n<style>\n#row-1953996728 > .col > .col-inner {\n  padding: 60px 60px 40px 60px;\n}\n<\/style>\n<\/div>\n\n\t\t<\/div>\n\n\t\t\n<style>\n#section_878453824 {\n  padding-top: 0px;\n  padding-bottom: 0px;\n}\n<\/style>\n\t<\/section>\n\t\n<div class=\"row align-middle\"  id=\"row-253388175\">\n\n\n\t<div id=\"col-81254566\" class=\"col medium-6 small-12 large-6\"  >\n\t\t\t\t<div class=\"col-inner\"  >\n\t\t\t\n\t\t\t\n\n\n\t<section class=\"section has-hover\" id=\"section_1010370643\">\n\t\t<div class=\"section-bg fill\" >\n\t\t\t\t\t\t\t\t\t\n\t\t\t\n\t<div class=\"is-border hover-bounce\"\n\t\tstyle=\"border-color:rgb(111, 166, 212);border-width:0px 0px 0px 40px;\">\n\t<\/div>\n\n\t\t<\/div>\n\n\t\t\n\n\t\t<div class=\"section-content relative\">\n\t\t\t\n\n<div class=\"row row-collapse\"  id=\"row-560396080\">\n\n\n\t<div id=\"col-1958881158\" class=\"col small-12 large-12\"  >\n\t\t\t\t<div class=\"col-inner\"  >\n\t\t\t\n\t\t\t\n\n\n  <div class=\"banner has-hover\" id=\"banner-549979118\">\n          <div class=\"banner-inner fill\">\n        <div class=\"banner-bg fill\" >\n            <img loading=\"lazy\" decoding=\"async\" width=\"1000\" height=\"819\" src=\"https:\/\/alecka.se\/wp-content\/uploads\/2021\/04\/how-we-work-at-alecka.jpg\" class=\"bg attachment-large size-large\" alt=\"\" \/>                                    \n                    <\/div>\n\t\t\n        <div class=\"banner-layers container\">\n            <div class=\"fill banner-link\"><\/div>            \n\n   <div id=\"text-box-196836820\" class=\"text-box banner-layer x50 md-x50 lg-x50 y50 md-y50 lg-y50 res-text\">\n                                <div class=\"text-box-content text dark\">\n              \n              <div class=\"text-inner text-center\">\n                  \n\n\n              <\/div>\n           <\/div>\n                            \n<style>\n#text-box-196836820 {\n  width: 60%;\n}\n#text-box-196836820 .text-box-content {\n  font-size: 100%;\n}\n<\/style>\n    <\/div>\n \n\n        <\/div>\n      <\/div>\n\n            \n<style>\n#banner-549979118 {\n  padding-top: 70%;\n}\n#banner-549979118 .banner-bg img {\n  object-position: 12% 13%;\n}\n<\/style>\n  <\/div>\n\n\n\n\t\t<\/div>\n\t\t\t\t\n<style>\n#col-1958881158 > .col-inner {\n  margin: 0px 0px 0px -15px;\n}\n<\/style>\n\t<\/div>\n\n\t\n\n<\/div>\n\n\t\t<\/div>\n\n\t\t\n<style>\n#section_1010370643 {\n  padding-top: 30px;\n  padding-bottom: 30px;\n}\n<\/style>\n\t<\/section>\n\t\n\n\t\t<\/div>\n\t\t\t\t\t<\/div>\n\n\t\n\n\t<div id=\"col-1507885188\" class=\"col medium-6 small-12 large-6\"  >\n\t\t\t\t<div class=\"col-inner\"  >\n\t\t\t\n\t\t\t\n\n<h2>Hur vi arbetar<\/h2>\n<p>Vi har kompetens, kvalifikationer och kommunikationsf\u00e4rdigheter f\u00f6r att ge h\u00f6gsta kvalitet p\u00e5 servicen. Vi kommer att diskutera alla aspekter av ditt f\u00f6retag med dig, vi kommer att f\u00f6rst\u00e5 din vision och hj\u00e4lper dig i alla aspekter f\u00f6r att hj\u00e4lpa dig att n\u00e5 dina m\u00e5l. Vi kommer att ge dig r\u00e5d, v\u00e4gleda dig, hj\u00e4lpa dig, st\u00f6dja dig, vi tar dig till n\u00e4sta steg f\u00f6r att uppn\u00e5 framg\u00e5ng.<\/p>\n<p>Vi arbetar med ett specialiserat redovisningsprogram. Vi anv\u00e4nder Microsoft 365 och bearbetar automatiseringsapplikationer och lyckas d\u00e4rmed vara mycket effektiva, snabba och exakta i allt vi g\u00f6r. Kunddata lagras endast i krypterade och s\u00e4kra program och databaser och \u00e4r permanent s\u00e4kra. F\u00f6r att kommunicera med v\u00e5ra kunder kan vi anv\u00e4nda Microsoft Teams f\u00f6r chatt, samtal och videokonferenser, fildelning och omedelbart samarbete f\u00f6r att svara p\u00e5 dina \u00f6nskem\u00e5l snabbt och effektivt.<br>Detta \u00e4r ocks\u00e5 hemligheten med v\u00e5r snabba lansering och v\u00e5r framg\u00e5ng, den snabbhet och precision som vi arbetar med \u00e4r v\u00e5r konkurrensf\u00f6rdel. Tekniken som vi anv\u00e4nds hj\u00e4lper oss att g\u00f6ra mer p\u00e5 kortare tid och vara konkurrenskraftiga p\u00e5 marknaden b\u00e5de vad g\u00e4ller kvalitet och priser.<\/p>\n\n\t\t<\/div>\n\t\t\t\t\t<\/div>\n\n\t\n\n\n<style>\n#row-253388175 > .col > .col-inner {\n  padding: 0px 0px 0px 0px;\n}\n@media (min-width:550px) {\n  #row-253388175 > .col > .col-inner {\n    padding: 60px 0px 60px 0px;\n  }\n}\n<\/style>\n<\/div>\n\n\t<section class=\"section\" id=\"section_1158042833\">\n\t\t<div class=\"section-bg fill\" >\n\t\t\t<img loading=\"lazy\" decoding=\"async\" width=\"1920\" height=\"720\" src=\"https:\/\/alecka.se\/wp-content\/uploads\/2021\/04\/what-we-do-at-Alecka.jpg\" class=\"bg attachment- size-\" alt=\"\" \/>\t\t\t\t\t\t\n\t\t\t\n\n\t\t<\/div>\n\n\t\t\n\n\t\t<div class=\"section-content relative\">\n\t\t\t\n\n\t<div id=\"gap-962857094\" class=\"gap-element clearfix\" style=\"display:block; height:auto;\">\n\t\t\n<style>\n#gap-962857094 {\n  padding-top: 30px;\n}\n<\/style>\n\t<\/div>\n\t\n\n\n\t\t<\/div>\n\n\t\t\n<style>\n#section_1158042833 {\n  padding-top: 30px;\n  padding-bottom: 30px;\n  min-height: 400px;\n}\n#section_1158042833 .section-bg img {\n  object-position: 91% 0%;\n}\n<\/style>\n\t<\/section>\n\t\n\n\t<section class=\"section\" id=\"section_979403415\">\n\t\t<div class=\"section-bg fill\" >\n\t\t\t\t\t\t\t\t\t\n\t\t\t\n\n\t\t<\/div>\n\n\t\t\n\n\t\t<div class=\"section-content relative\">\n\t\t\t\n\n<div class=\"row align-right\"  id=\"row-1997166780\">\n\n\n\t<div id=\"col-1606550617\" class=\"col medium-8 small-12 large-8\"  >\n\t\t\t\t<div class=\"col-inner dark\" style=\"background-color:#273647;\" >\n\t\t\t\n\t\t\t\n\n<div class=\"container section-title-container\" ><h2 class=\"section-title section-title-normal\"><b aria-hidden=\"true\"><\/b><span class=\"section-title-main\" style=\"font-size:60%;\">VAD G\u00d6R VI EXAKT<\/span><b aria-hidden=\"true\"><\/b><\/h2><\/div>\n\n<p><span style=\"font-size: 105%;\">VAD G\u00d6R VI EXAKT ?<\/span><br><span style=\"font-size: 105%;\">\u2022 Momsrepresentation och registrering<\/span><br><span style=\"font-size: 105%;\">\u2022 HR- och l\u00f6ntj\u00e4nster inklusive samarbete med fackf\u00f6reningar<\/span><br><span style=\"font-size: 105%;\">\u2022 Bokf\u00f6ring och redovisning<\/span><br><span style=\"font-size: 105%;\">\u2022 Skatter\u00e5dgivning och finansiell r\u00e5dgivningstj\u00e4nst<\/span><br><span style=\"font-size: 105%;\">\u2022 Revisionstj\u00e4nster<\/span><br><span style=\"font-size: 105%;\">\u2022 Aff\u00e4rs &#8211; och ekonomihanteringsr\u00e5dgivning<\/span><\/p>\n\t<div id=\"gap-1796395567\" class=\"gap-element clearfix\" style=\"display:block; height:auto;\">\n\t\t\n<style>\n#gap-1796395567 {\n  padding-top: 10px;\n}\n<\/style>\n\t<\/div>\n\t\n\n<a href=\"https:\/\/alecka.se\/sv\/tjanster\/\" class=\"button primary lowercase\" style=\"border-radius:4px;\">\n\t\t<span>Se v\u00e5ra tj\u00e4nster<\/span>\n\t<\/a>\n\n\n\n\t\t<\/div>\n\t\t\t\t\n<style>\n#col-1606550617 > .col-inner {\n  margin: -100px 0px 0px 0px;\n}\n<\/style>\n\t<\/div>\n\n\t\n\n\n<style>\n#row-1997166780 > .col > .col-inner {\n  padding: 60px 60px 40px 60px;\n}\n<\/style>\n<\/div>\n\n\t\t<\/div>\n\n\t\t\n<style>\n#section_979403415 {\n  padding-top: 0px;\n  padding-bottom: 0px;\n}\n<\/style>\n\t<\/section>\n\t\n<div class=\"row align-middle\"  id=\"row-2065428890\">\n\n\n\t<div id=\"col-574990186\" class=\"col medium-6 small-12 large-6\"  >\n\t\t\t\t<div class=\"col-inner\"  >\n\t\t\t\n\t\t\t\n\n<h2>Vem \u00e4r v\u00e5ra partners<\/h2>\n<p>Vi samarbetade med f\u00f6retag som erbjuder relaterade tj\u00e4nster av \u00f6nskan att hj\u00e4lpa dig i s\u00e5 m\u00e5nga aspekter som m\u00f6jligt.<\/p>\n<p>Genom att samarbeta med v\u00e5ra partners kan vi hj\u00e4lpa dig med:<\/p>\n<ul>\n<li class=\"bullet-checkmark\">Aff\u00e4rsr\u00e5dgivning, skatter\u00e5dgivning, ekonomisk f\u00f6rvaltning<\/li>\n<li class=\"bullet-checkmark\">Dokument\u00f6vers\u00e4ttningar<\/li>\n<li class=\"bullet-checkmark\">Juridiskt: Yttranden, r\u00e5dgivning och juridisk representation<\/li>\n<li class=\"bullet-checkmark\">IT: Skapande och implementering av automatiseringsl\u00f6sningar f\u00f6r aff\u00e4rsprocesser<\/li>\n<li class=\"bullet-checkmark\">IT: E-postmigrering och implementering av Microsofts l\u00f6sningar<\/li>\n<li class=\"bullet-checkmark\">IT: Skapa anpassade applikationer f\u00f6r att automatisera repetitiva uppgifter, Low Code Apps<\/li>\n<li class=\"bullet-checkmark\">HR: rekrytering av personal fr\u00e5n andra EU-l\u00e4nder<\/li>\n<li class=\"bullet-checkmark\">HR: personal som hyr eller anst\u00e4ller s\u00e4songsanst\u00e4llda (fr\u00e5n EU-l\u00e4nder)<\/li>\n<li class=\"bullet-checkmark\">Transport och logistic<\/li>\n<\/ul>\n\n\t\t<\/div>\n\t\t\t\t\t<\/div>\n\n\t\n\n\t<div id=\"col-1210803131\" class=\"col medium-6 small-12 large-6 small-col-first\"  >\n\t\t\t\t<div class=\"col-inner\"  >\n\t\t\t\n\t\t\t\n\n\n\t<section class=\"section has-hover\" id=\"section_179433755\">\n\t\t<div class=\"section-bg fill\" >\n\t\t\t\t\t\t\t\t\t\n\t\t\t\n\t<div class=\"is-border hover-bounce\"\n\t\tstyle=\"border-color:rgb(74, 193, 147);border-width:0px 0px 0px 40px;\">\n\t<\/div>\n\n\t\t<\/div>\n\n\t\t\n\n\t\t<div class=\"section-content relative\">\n\t\t\t\n\n<div class=\"row row-collapse\"  id=\"row-389894594\">\n\n\n\t<div id=\"col-2089024775\" class=\"col small-12 large-12\"  >\n\t\t\t\t<div class=\"col-inner\"  >\n\t\t\t\n\t\t\t\n\n\n  <div class=\"banner has-hover\" id=\"banner-2054308759\">\n          <div class=\"banner-inner fill\">\n        <div class=\"banner-bg fill\" >\n            <img loading=\"lazy\" decoding=\"async\" width=\"1000\" height=\"819\" src=\"https:\/\/alecka.se\/wp-content\/uploads\/2021\/04\/Partners-of-Alecka.jpg\" class=\"bg attachment-large size-large\" alt=\"\" \/>                                    \n                    <\/div>\n\t\t\n        <div class=\"banner-layers container\">\n            <div class=\"fill banner-link\"><\/div>            \n\n   <div id=\"text-box-1579649470\" class=\"text-box banner-layer x50 md-x50 lg-x50 y50 md-y50 lg-y50 res-text\">\n                                <div class=\"text-box-content text dark\">\n              \n              <div class=\"text-inner text-center\">\n                  \n\n\n              <\/div>\n           <\/div>\n                            \n<style>\n#text-box-1579649470 {\n  width: 60%;\n}\n#text-box-1579649470 .text-box-content {\n  font-size: 100%;\n}\n<\/style>\n    <\/div>\n \n\n        <\/div>\n      <\/div>\n\n            \n<style>\n#banner-2054308759 {\n  padding-top: 70%;\n}\n#banner-2054308759 .banner-bg img {\n  object-position: 64% 0%;\n}\n<\/style>\n  <\/div>\n\n\n\n\t\t<\/div>\n\t\t\t\t\n<style>\n#col-2089024775 > .col-inner {\n  margin: 0px 0px 0px -15px;\n}\n<\/style>\n\t<\/div>\n\n\t\n\n<\/div>\n\n\t\t<\/div>\n\n\t\t\n<style>\n#section_179433755 {\n  padding-top: 30px;\n  padding-bottom: 30px;\n}\n<\/style>\n\t<\/section>\n\t\n\n\t\t<\/div>\n\t\t\t\t\t<\/div>\n\n\t\n\n\n<style>\n#row-2065428890 > .col > .col-inner {\n  padding: 0px 0px 0px 0px;\n}\n@media (min-width:550px) {\n  #row-2065428890 > .col > .col-inner {\n    padding: 60px 0px 60px 0px;\n  }\n}\n<\/style>\n<\/div>\n","protected":false},"excerpt":{"rendered":"","protected":false},"author":1,"featured_media":0,"parent":0,"menu_order":0,"comment_status":"closed","ping_status":"closed","template":"page-blank.php","meta":{"footnotes":""},"class_list":["post-491","page","type-page","status-publish","hentry"],"_links":{"self":[{"href":"https:\/\/alecka.se\/sv\/wp-json\/wp\/v2\/pages\/491","targetHints":{"allow":["GET"]}}],"collection":[{"href":"https:\/\/alecka.se\/sv\/wp-json\/wp\/v2\/pages"}],"about":[{"href":"https:\/\/alecka.se\/sv\/wp-json\/wp\/v2\/types\/page"}],"author":[{"embeddable":true,"href":"https:\/\/alecka.se\/sv\/wp-json\/wp\/v2\/users\/1"}],"replies":[{"embeddable":true,"href":"https:\/\/alecka.se\/sv\/wp-json\/wp\/v2\/comments?post=491"}],"version-history":[{"count":10,"href":"https:\/\/alecka.se\/sv\/wp-json\/wp\/v2\/pages\/491\/revisions"}],"predecessor-version":[{"id":501,"href":"https:\/\/alecka.se\/sv\/wp-json\/wp\/v2\/pages\/491\/revisions\/501"}],"wp:attachment":[{"href":"https:\/\/alecka.se\/sv\/wp-json\/wp\/v2\/media?parent=491"}],"curies":[{"name":"wp","href":"https:\/\/api.w.org\/{rel}","templated":true}]}}